{"id":5007,"date":"2020-10-13T10:15:25","date_gmt":"2020-10-13T09:15:25","guid":{"rendered":"http:\/\/piotrkedziora.pl\/?page_id=5007"},"modified":"2020-10-18T00:02:26","modified_gmt":"2020-10-17T23:02:26","slug":"eliza-i-rafal","status":"publish","type":"page","link":"https:\/\/piotrkedziora.pl\/index.php\/eliza-i-rafal\/","title":{"rendered":"Eliza i Rafa\u0142"},"content":{"rendered":"[vc_row][vc_column]\n\t\t\t<!-- START Slider 2 11 1 REVOLUTION SLIDER 6.1.5 --><p class=\"rs-p-wp-fix\"><\/p>\n\t\t\t<rs-module-wrap id=\"rev_slider_18_1_wrapper\" data-source=\"gallery\" style=\"background:transparent;padding:0;\">\n\t\t\t\t<rs-module id=\"rev_slider_18_1\" style=\"display:none;\" data-version=\"6.1.5\">\n\t\t\t\t\t<rs-slides>\n\t\t\t\t\t\t<rs-slide data-key=\"rs-20\" data-title=\"Slide\" data-anim=\"ei:d;eo:d;s:700;r:0;t:fade;sl:0;\">\n\t\t\t\t\t\t\t<img decoding=\"async\" data-src=\"\/\/piotrkedziora.pl\/wp-content\/uploads\/2020\/10\/A020_10011648_C001.00_03_56_11.Still003.png\" title=\"A020_10011648_C001.00_03_56_11.Still003\" width=\"1920\" height=\"1080\" data-parallax=\"off\" class=\"rev-slidebg lazyload\" data-no-retina src=\"data:image\/svg+xml;base64,PHN2ZyB3aWR0aD0iMSIgaGVpZ2h0PSIxIiB4bWxucz0iaHR0cDovL3d3dy53My5vcmcvMjAwMC9zdmciPjwvc3ZnPg==\" style=\"--smush-placeholder-width: 1920px; --smush-placeholder-aspect-ratio: 1920\/1080;\">\n<!--\n\t\t\t\t\t\t\t--><rs-layer\n\t\t\t\t\t\t\t\tid=\"slider-18-slide-20-layer-2\" \n\t\t\t\t\t\t\t\tdata-type=\"text\"\n\t\t\t\t\t\t\t\tdata-color=\"#fff\"\n\t\t\t\t\t\t\t\tdata-tsh=\"c:rgba(0,0,0,0.79);h:3px,3px,3px,0px;v:3px,3px,3px,0px;b:15px,15px,15px,3px;\"\n\t\t\t\t\t\t\t\tdata-rsp_ch=\"on\"\n\t\t\t\t\t\t\t\tdata-xy=\"x:c;y:m;yo:-59px,-59px,-59px,-70px;\"\n\t\t\t\t\t\t\t\tdata-text=\"w:normal;s:80,80,80,37;l:90,90,90,43;fw:200;\"\n\t\t\t\t\t\t\t\tdata-dim=\"minh:0px,0px,0px,none;\"\n\t\t\t\t\t\t\t\tdata-frame_0=\"x:0,0,0,0px;y:0,0,0,0px;\"\n\t\t\t\t\t\t\t\tdata-frame_1=\"x:0,0,0,0px;y:0,0,0,0px;st:1050;sp:2250;sR:1050;\"\n\t\t\t\t\t\t\t\tdata-frame_999=\"o:0;st:w;sR:5700;\"\n\t\t\t\t\t\t\t\tstyle=\"z-index:9;font-family:Montserrat;\"\n\t\t\t\t\t\t\t>Elizy i Rafa\u0142a \n\t\t\t\t\t\t\t<\/rs-layer><!--\n\n\t\t\t\t\t\t\t--><rs-layer\n\t\t\t\t\t\t\t\tid=\"slider-18-slide-20-layer-4\" \n\t\t\t\t\t\t\t\tdata-type=\"text\"\n\t\t\t\t\t\t\t\tdata-color=\"#fff\"\n\t\t\t\t\t\t\t\tdata-tsh=\"c:rgba(0,0,0,0.45);h:15px,15px,15px,3px;v:15px,15px,15px,3px;b:20px,20px,20px,4px;\"\n\t\t\t\t\t\t\t\tdata-rsp_ch=\"on\"\n\t\t\t\t\t\t\t\tdata-xy=\"x:c;y:m;yo:-124px,-124px,-124px,-110px;\"\n\t\t\t\t\t\t\t\tdata-text=\"w:normal;s:18,18,18,12;l:20,20,20,18;ls:2,2,2,0;\"\n\t\t\t\t\t\t\t\tdata-dim=\"minh:0px,0px,0px,none;\"\n\t\t\t\t\t\t\t\tdata-frame_0=\"x:0,0,0,0px;y:0,0,0,0px;\"\n\t\t\t\t\t\t\t\tdata-frame_1=\"x:0,0,0,0px;y:0,0,0,0px;st:470;sp:2240;sR:470;\"\n\t\t\t\t\t\t\t\tdata-frame_999=\"o:0;st:w;sR:6290;\"\n\t\t\t\t\t\t\t\tstyle=\"z-index:11;font-family:Open Sans;text-transform:uppercase;\"\n\t\t\t\t\t\t\t>uroczysto\u015b\u0107 za\u015blubin \n\t\t\t\t\t\t\t<\/rs-layer><!--\n\n\t\t\t\t\t\t\t--><rs-layer\n\t\t\t\t\t\t\t\tid=\"slider-18-slide-20-layer-5\" \n\t\t\t\t\t\t\t\tdata-type=\"text\"\n\t\t\t\t\t\t\t\tdata-color=\"rgba(255, 255, 255, 0.73)\"\n\t\t\t\t\t\t\t\tdata-tsh=\"c:rgba(0,0,0,0.45);h:15px,15px,15px,3px;v:15px,15px,15px,3px;b:20px,20px,20px,4px;\"\n\t\t\t\t\t\t\t\tdata-rsp_ch=\"on\"\n\t\t\t\t\t\t\t\tdata-xy=\"x:c;y:b;yo:40px,40px,40px,9px;\"\n\t\t\t\t\t\t\t\tdata-text=\"w:normal;s:18,18,18,10;l:20,20,20,14;ls:0px,0px,0px,10px;a:center;\"\n\t\t\t\t\t\t\t\tdata-dim=\"minh:0px,0px,0px,none;\"\n\t\t\t\t\t\t\t\tdata-frame_0=\"x:0,0,0,0px;y:0,0,0,0px;\"\n\t\t\t\t\t\t\t\tdata-frame_1=\"x:0,0,0,0px;y:0,0,0,0px;st:2130;sp:2840;sR:2130;\"\n\t\t\t\t\t\t\t\tdata-frame_999=\"o:0;st:w;sR:4030;\"\n\t\t\t\t\t\t\t\tstyle=\"z-index:10;font-family:Open Sans;text-transform:uppercase;\"\n\t\t\t\t\t\t\t>4 pa\u017adziernika<br \/>\nA. D. 2020 \n\t\t\t\t\t\t\t<\/rs-layer><!--\n-->\t\t\t\t\t\t<\/rs-slide>\n\t\t\t\t\t<\/rs-slides>\n\t\t\t\t\t<rs-progress class=\"rs-bottom\" style=\"visibility: hidden !important;\"><\/rs-progress>\n\t\t\t\t<\/rs-module>\n\t\t\t\t<script type=\"text\/javascript\">\n\t\t\t\t\tsetREVStartSize({c: 'rev_slider_18_1',rl:[1240,1240,1240,480],el:[900,900,900,520],gw:[1920,1920,1920,480],gh:[900,900,900,520],layout:'fullscreen',offsetContainer:'',offset:'',mh:\"0\"});\n\t\t\t\t\tvar\trevapi18,\n\t\t\t\t\t\ttpj;\n\t\t\t\t\tjQuery(function() {\n\t\t\t\t\t\ttpj = jQuery;\n\t\t\t\t\t\tif(tpj(\"#rev_slider_18_1\").revolution == undefined){\n\t\t\t\t\t\t\trevslider_showDoubleJqueryError(\"#rev_slider_18_1\");\n\t\t\t\t\t\t}else{\n\t\t\t\t\t\t\trevapi18 = tpj(\"#rev_slider_18_1\").show().revolution({\n\t\t\t\t\t\t\t\tsliderType:\"hero\",\n\t\t\t\t\t\t\t\tjsFileLocation:\"\/\/piotrkedziora.pl\/wp-content\/plugins\/revslider\/public\/assets\/js\/\",\n\t\t\t\t\t\t\t\tsliderLayout:\"fullscreen\",\n\t\t\t\t\t\t\t\tvisibilityLevels:\"1240,1240,1240,480\",\n\t\t\t\t\t\t\t\tgridwidth:\"1920,1920,1920,480\",\n\t\t\t\t\t\t\t\tgridheight:\"900,900,900,520\",\n\t\t\t\t\t\t\t\tminHeight:\"\",\n\t\t\t\t\t\t\t\tspinner:\"spinner0\",\n\t\t\t\t\t\t\t\teditorheight:\"900,768,960,520\",\n\t\t\t\t\t\t\t\tresponsiveLevels:\"1240,1240,1240,480\",\n\t\t\t\t\t\t\t\tdisableProgressBar:\"on\",\n\t\t\t\t\t\t\t\tnavigation: {\n\t\t\t\t\t\t\t\t\tonHoverStop:false\n\t\t\t\t\t\t\t\t},\n\t\t\t\t\t\t\t\tparallax: {\n\t\t\t\t\t\t\t\t\tlevels:[5,10,15,20,25,30,35,40,45,46,47,48,49,50,51,30],\n\t\t\t\t\t\t\t\t\ttype:\"scroll\",\n\t\t\t\t\t\t\t\t\torigo:\"slidercenter\",\n\t\t\t\t\t\t\t\t\tspeed:0\n\t\t\t\t\t\t\t\t},\n\t\t\t\t\t\t\t\tscrolleffect: {\n\t\t\t\t\t\t\t\t\tset:true,\n\t\t\t\t\t\t\t\t\tmultiplicator:1.3,\n\t\t\t\t\t\t\t\t\tmultiplicator_layers:1.3,\n\t\t\t\t\t\t\t\t\tmobile:true\n\t\t\t\t\t\t\t\t},\n\t\t\t\t\t\t\t\tfallbacks: {\n\t\t\t\t\t\t\t\t\tallowHTML5AutoPlayOnAndroid:true\n\t\t\t\t\t\t\t\t},\n\t\t\t\t\t\t\t});\n\t\t\t\t\t\t}\n\t\t\t\t\t\t\n\t\t\t\t\t});\n\t\t\t\t<\/script>\n\t\t\t<\/rs-module-wrap>\n\t\t\t<!-- END REVOLUTION SLIDER -->\n[\/vc_column][\/vc_row][vc_row css=&#8221;.vc_custom_1600692457792{padding-bottom: 50px !important;}&#8221;][vc_column width=&#8221;1\/6&#8243;][\/vc_column][vc_column width=&#8221;2\/3&#8243;][vc_video link=&#8221;https:\/\/youtu.be\/wmxtI_DgtGA&#8221; align=&#8221;center&#8221; css_animation=&#8221;fadeInUp&#8221; css=&#8221;.vc_custom_1602975743184{margin-top: 50px !important;margin-bottom: 0px !important;}&#8221;][\/vc_column][vc_column width=&#8221;1\/6&#8243;][\/vc_column][\/vc_row]\n","protected":false},"excerpt":{"rendered":"<p>[vc_row][vc_column][\/vc_column][\/vc_row][vc_row css=&#8221;.vc_custom_1600692457792{padding-bottom: 50px !important;}&#8221;][vc_column width=&#8221;1\/6&#8243;][\/vc_column][vc_column width=&#8221;2\/3&#8243;][vc_video link=&#8221;https:\/\/youtu.be\/wmxtI_DgtGA&#8221; align=&#8221;center&#8221; css_animation=&#8221;fadeInUp&#8221; css=&#8221;.vc_custom_1602975743184{margin-top: 50px !important;margin-bottom: 0px !important;}&#8221;][\/vc_column][vc_column width=&#8221;1\/6&#8243;][\/vc_column][\/vc_row]<\/p>\n","protected":false},"author":1,"featured_media":0,"parent":0,"menu_order":0,"comment_status":"closed","ping_status":"closed","template":"","meta":{"_monsterinsights_skip_tracking":false,"_monsterinsights_sitenote_active":false,"_monsterinsights_sitenote_note":"","_monsterinsights_sitenote_category":0,"_uf_show_specific_survey":0,"_uf_disable_surveys":false,"footnotes":""},"class_list":["post-5007","page","type-page","status-publish"],"_links":{"self":[{"href":"https:\/\/piotrkedziora.pl\/index.php\/wp-json\/wp\/v2\/pages\/5007","targetHints":{"allow":["GET"]}}],"collection":[{"href":"https:\/\/piotrkedziora.pl\/index.php\/wp-json\/wp\/v2\/pages"}],"about":[{"href":"https:\/\/piotrkedziora.pl\/index.php\/wp-json\/wp\/v2\/types\/page"}],"author":[{"embeddable":true,"href":"https:\/\/piotrkedziora.pl\/index.php\/wp-json\/wp\/v2\/users\/1"}],"replies":[{"embeddable":true,"href":"https:\/\/piotrkedziora.pl\/index.php\/wp-json\/wp\/v2\/comments?post=5007"}],"version-history":[{"count":3,"href":"https:\/\/piotrkedziora.pl\/index.php\/wp-json\/wp\/v2\/pages\/5007\/revisions"}],"predecessor-version":[{"id":5303,"href":"https:\/\/piotrkedziora.pl\/index.php\/wp-json\/wp\/v2\/pages\/5007\/revisions\/5303"}],"wp:attachment":[{"href":"https:\/\/piotrkedziora.pl\/index.php\/wp-json\/wp\/v2\/media?parent=5007"}],"curies":[{"name":"wp","href":"https:\/\/api.w.org\/{rel}","templated":true}]}}