{"id":4444,"date":"2020-06-11T23:07:27","date_gmt":"2020-06-11T22:07:27","guid":{"rendered":"http:\/\/piotrkedziora.pl\/?page_id=4444"},"modified":"2020-06-20T11:43:30","modified_gmt":"2020-06-20T10:43:30","slug":"slub-natalii-i-ludwika","status":"publish","type":"page","link":"https:\/\/piotrkedziora.pl\/index.php\/slub-natalii-i-ludwika\/","title":{"rendered":"\u015alub Natalii i Ludwika"},"content":{"rendered":"[vc_row][vc_column]\n\t\t\t<!-- START Slider 2 REVOLUTION SLIDER 6.1.5 --><p class=\"rs-p-wp-fix\"><\/p>\n\t\t\t<rs-module-wrap id=\"rev_slider_4_1_wrapper\" data-source=\"gallery\" style=\"background:transparent;padding:0;margin:0px auto;margin-top:0;margin-bottom:0;\">\n\t\t\t\t<rs-module id=\"rev_slider_4_1\" style=\"display:none;\" data-version=\"6.1.5\">\n\t\t\t\t\t<rs-slides>\n\t\t\t\t\t\t<rs-slide data-key=\"rs-6\" data-title=\"Slide\" data-anim=\"ei:d;eo:d;s:1000;r:0;t:fade;sl:0;\">\n\t\t\t\t\t\t\t<img decoding=\"async\" data-src=\"\/\/piotrkedziora.pl\/wp-content\/plugins\/revslider\/public\/assets\/assets\/transparent.png\" title=\"\u015alub Natalii i Ludwika\" data-bg=\"c:rgba(12,12,12,0.17);\" data-parallax=\"off\" class=\"rev-slidebg lazyload\" data-no-retina src=\"data:image\/svg+xml;base64,PHN2ZyB3aWR0aD0iMSIgaGVpZ2h0PSIxIiB4bWxucz0iaHR0cDovL3d3dy53My5vcmcvMjAwMC9zdmciPjwvc3ZnPg==\" style=\"--smush-placeholder-width: 300px; --smush-placeholder-aspect-ratio: 300\/200;\">\n<!--\n\t\t\t\t\t\t\t--><rs-layer\n\t\t\t\t\t\t\t\tid=\"slider-4-slide-6-layer-0\" \n\t\t\t\t\t\t\t\tclass=\"rs-pxl-5\"\n\t\t\t\t\t\t\t\tdata-type=\"image\"\n\t\t\t\t\t\t\t\tdata-rsp_ch=\"on\"\n\t\t\t\t\t\t\t\tdata-xy=\"x:c;y:m,m,m,b;\"\n\t\t\t\t\t\t\t\tdata-text=\"w:normal;s:20,20,20,4;l:0,0,0,6;\"\n\t\t\t\t\t\t\t\tdata-dim=\"w:auto,auto,auto,942px;h:auto,auto,auto,530px;\"\n\t\t\t\t\t\t\t\tdata-basealign=\"slide\"\n\t\t\t\t\t\t\t\tdata-sba=\"e:true;\"\n\t\t\t\t\t\t\t\tdata-blendmode=\"overlay\"\n\t\t\t\t\t\t\t\tdata-frame_999=\"o:0;st:w;\"\n\t\t\t\t\t\t\t\tdata-frame_hover=\"bgc:transparent;e:default;\"\n\t\t\t\t\t\t\t\tstyle=\"z-index:8;background-color:rgba(12,12,12,0);\"\n\t\t\t\t\t\t\t><img decoding=\"async\" data-src=\"\/\/piotrkedziora.pl\/wp-content\/uploads\/2020\/06\/3seq-unlinked.00_00_16_14.Still009.jpg\" width=\"1920\" height=\"1080\" data-no-retina src=\"data:image\/svg+xml;base64,PHN2ZyB3aWR0aD0iMSIgaGVpZ2h0PSIxIiB4bWxucz0iaHR0cDovL3d3dy53My5vcmcvMjAwMC9zdmciPjwvc3ZnPg==\" class=\"lazyload\" style=\"--smush-placeholder-width: 1920px; --smush-placeholder-aspect-ratio: 1920\/1080;\"> \n\t\t\t\t\t\t\t<\/rs-layer><!--\n\n\t\t\t\t\t\t\t--><rs-layer\n\t\t\t\t\t\t\t\tid=\"slider-4-slide-6-layer-2\" \n\t\t\t\t\t\t\t\tdata-type=\"text\"\n\t\t\t\t\t\t\t\tdata-color=\"#fff\"\n\t\t\t\t\t\t\t\tdata-tsh=\"c:rgba(0,0,0,0.45);h:15px,15px,15px,3px;v:15px,15px,15px,3px;b:20px,20px,20px,4px;\"\n\t\t\t\t\t\t\t\tdata-rsp_ch=\"on\"\n\t\t\t\t\t\t\t\tdata-xy=\"x:c;y:m;yo:-50px,-50px,-50px,-70px;\"\n\t\t\t\t\t\t\t\tdata-text=\"w:normal;s:80,80,80,37;l:90,90,90,43;fw:200;\"\n\t\t\t\t\t\t\t\tdata-dim=\"minh:0px,0px,0px,none;\"\n\t\t\t\t\t\t\t\tdata-frame_0=\"x:0,0,0,0px;y:0,0,0,0px;\"\n\t\t\t\t\t\t\t\tdata-frame_1=\"x:0,0,0,0px;y:0,0,0,0px;\"\n\t\t\t\t\t\t\t\tdata-frame_999=\"o:0;st:w;\"\n\t\t\t\t\t\t\t\tstyle=\"z-index:10;font-family:Montserrat;\"\n\t\t\t\t\t\t\t>Natalii i Ludwika \n\t\t\t\t\t\t\t<\/rs-layer><!--\n\n\t\t\t\t\t\t\t--><rs-layer\n\t\t\t\t\t\t\t\tid=\"slider-4-slide-6-layer-4\" \n\t\t\t\t\t\t\t\tdata-type=\"text\"\n\t\t\t\t\t\t\t\tdata-color=\"#fff\"\n\t\t\t\t\t\t\t\tdata-tsh=\"c:rgba(0,0,0,0.45);h:15px,15px,15px,3px;v:15px,15px,15px,3px;b:20px,20px,20px,4px;\"\n\t\t\t\t\t\t\t\tdata-rsp_ch=\"on\"\n\t\t\t\t\t\t\t\tdata-xy=\"x:c;xo:1px,1px,1px,0;y:m;yo:-120px,-120px,-120px,-110px;\"\n\t\t\t\t\t\t\t\tdata-text=\"w:normal;s:18,18,18,12;l:20,20,20,18;ls:2,2,2,0;\"\n\t\t\t\t\t\t\t\tdata-dim=\"minh:0px,0px,0px,none;\"\n\t\t\t\t\t\t\t\tdata-frame_0=\"x:0,0,0,0px;y:0,0,0,0px;\"\n\t\t\t\t\t\t\t\tdata-frame_1=\"x:0,0,0,0px;y:0,0,0,0px;\"\n\t\t\t\t\t\t\t\tdata-frame_999=\"o:0;st:w;\"\n\t\t\t\t\t\t\t\tstyle=\"z-index:12;font-family:Open Sans;text-transform:uppercase;\"\n\t\t\t\t\t\t\t>sakrament ma\u0142\u017ce\u0144stwa \n\t\t\t\t\t\t\t<\/rs-layer><!--\n\n\t\t\t\t\t\t\t--><rs-layer\n\t\t\t\t\t\t\t\tid=\"slider-4-slide-6-layer-5\" \n\t\t\t\t\t\t\t\tdata-type=\"text\"\n\t\t\t\t\t\t\t\tdata-color=\"rgba(255, 255, 255, 0.73)\"\n\t\t\t\t\t\t\t\tdata-tsh=\"c:rgba(0,0,0,0.45);h:15px,15px,15px,3px;v:15px,15px,15px,3px;b:20px,20px,20px,4px;\"\n\t\t\t\t\t\t\t\tdata-rsp_ch=\"on\"\n\t\t\t\t\t\t\t\tdata-xy=\"x:c;y:b;yo:60px,60px,60px,14px;\"\n\t\t\t\t\t\t\t\tdata-text=\"w:normal;s:18,18,18,10;l:20,20,20,14;ls:20px,20px,20px,10px;\"\n\t\t\t\t\t\t\t\tdata-dim=\"minh:0px,0px,0px,none;\"\n\t\t\t\t\t\t\t\tdata-frame_0=\"x:0,0,0,0px;y:0,0,0,0px;\"\n\t\t\t\t\t\t\t\tdata-frame_1=\"x:0,0,0,0px;y:0,0,0,0px;\"\n\t\t\t\t\t\t\t\tdata-frame_999=\"o:0;st:w;\"\n\t\t\t\t\t\t\t\tstyle=\"z-index:11;font-family:Open Sans;text-transform:uppercase;\"\n\t\t\t\t\t\t\t>16 maja 2020 \n\t\t\t\t\t\t\t<\/rs-layer><!--\n\n\t\t\t\t\t\t\t--><rs-layer\n\t\t\t\t\t\t\t\tid=\"slider-4-slide-6-layer-6\" \n\t\t\t\t\t\t\t\tdata-type=\"shape\"\n\t\t\t\t\t\t\t\tdata-rsp_ch=\"on\"\n\t\t\t\t\t\t\t\tdata-xy=\"x:c;xo:0,0,0,3px;y:b;yo:0,0,0,-1px;\"\n\t\t\t\t\t\t\t\tdata-text=\"w:normal;s:20,20,20,4;l:0,0,0,6;\"\n\t\t\t\t\t\t\t\tdata-dim=\"w:4000px,4000px,4000px,999px;h:368px,368px,368px,91px;\"\n\t\t\t\t\t\t\t\tdata-frame_999=\"o:0;st:w;\"\n\t\t\t\t\t\t\t\tstyle=\"z-index:9;background:linear-gradient(rgba(215,215,215,0) 0%, rgba(12,12,12,1) 100%);\"\n\t\t\t\t\t\t\t> \n\t\t\t\t\t\t\t<\/rs-layer><!--\n-->\t\t\t\t\t\t<\/rs-slide>\n\t\t\t\t\t<\/rs-slides>\n\t\t\t\t\t<rs-progress class=\"rs-bottom\" style=\"visibility: hidden !important;\"><\/rs-progress>\n\t\t\t\t<\/rs-module>\n\t\t\t\t<script type=\"text\/javascript\">\n\t\t\t\t\tsetREVStartSize({c: 'rev_slider_4_1',rl:[1240,1240,1240,480],el:[900,900,900,520],gw:[1920,1920,1920,480],gh:[900,900,900,520],layout:'fullwidth',mh:\"0\"});\n\t\t\t\t\tvar\trevapi4,\n\t\t\t\t\t\ttpj;\n\t\t\t\t\tjQuery(function() {\n\t\t\t\t\t\ttpj = jQuery;\n\t\t\t\t\t\tif(tpj(\"#rev_slider_4_1\").revolution == undefined){\n\t\t\t\t\t\t\trevslider_showDoubleJqueryError(\"#rev_slider_4_1\");\n\t\t\t\t\t\t}else{\n\t\t\t\t\t\t\trevapi4 = tpj(\"#rev_slider_4_1\").show().revolution({\n\t\t\t\t\t\t\t\tsliderType:\"hero\",\n\t\t\t\t\t\t\t\tjsFileLocation:\"\/\/piotrkedziora.pl\/wp-content\/plugins\/revslider\/public\/assets\/js\/\",\n\t\t\t\t\t\t\t\tsliderLayout:\"fullwidth\",\n\t\t\t\t\t\t\t\tvisibilityLevels:\"1240,1240,1240,480\",\n\t\t\t\t\t\t\t\tgridwidth:\"1920,1920,1920,480\",\n\t\t\t\t\t\t\t\tgridheight:\"900,900,900,520\",\n\t\t\t\t\t\t\t\tminHeight:\"\",\n\t\t\t\t\t\t\t\tspinner:\"spinner0\",\n\t\t\t\t\t\t\t\teditorheight:\"900,768,960,520\",\n\t\t\t\t\t\t\t\tresponsiveLevels:\"1240,1240,1240,480\",\n\t\t\t\t\t\t\t\tdisableProgressBar:\"on\",\n\t\t\t\t\t\t\t\tnavigation: {\n\t\t\t\t\t\t\t\t\tonHoverStop:false\n\t\t\t\t\t\t\t\t},\n\t\t\t\t\t\t\t\tparallax: {\n\t\t\t\t\t\t\t\t\tlevels:[5,10,15,20,25,30,35,40,45,46,47,48,49,50,51,30],\n\t\t\t\t\t\t\t\t\ttype:\"scroll\",\n\t\t\t\t\t\t\t\t\torigo:\"slidercenter\",\n\t\t\t\t\t\t\t\t\tspeed:0\n\t\t\t\t\t\t\t\t},\n\t\t\t\t\t\t\t\tscrolleffect: {\n\t\t\t\t\t\t\t\t\tset:true,\n\t\t\t\t\t\t\t\t\tmultiplicator:1.3,\n\t\t\t\t\t\t\t\t\tmultiplicator_layers:1.3,\n\t\t\t\t\t\t\t\t\tmobile:true\n\t\t\t\t\t\t\t\t},\n\t\t\t\t\t\t\t\tfallbacks: {\n\t\t\t\t\t\t\t\t\tallowHTML5AutoPlayOnAndroid:true\n\t\t\t\t\t\t\t\t},\n\t\t\t\t\t\t\t});\n\t\t\t\t\t\t}\n\t\t\t\t\t\t\n\t\t\t\t\t});\n\t\t\t\t<\/script>\n\t\t\t<\/rs-module-wrap>\n\t\t\t<!-- END REVOLUTION SLIDER -->\n[vc_separator][\/vc_column][\/vc_row][vc_row][vc_column width=&#8221;1\/6&#8243;][\/vc_column][vc_column width=&#8221;2\/3&#8243;][vc_video link=&#8221;https:\/\/youtu.be\/lEF6ECFeE0o&#8221; align=&#8221;center&#8221;][\/vc_column][vc_column width=&#8221;1\/6&#8243;][\/vc_column][\/vc_row][vc_row full_width=&#8221;stretch_row_content&#8221; parallax=&#8221;content-moving&#8221; parallax_speed_bg=&#8221;2.2&#8243; overlay_set=&#8221;show_overlay_color&#8221; overlay_color=&#8221;#0a0a0a&#8221; css=&#8221;.vc_custom_1592649621732{padding-top: 40px !important;padding-bottom: 40px !important;background-image: url(https:\/\/piotrkedziora.pl\/wp-content\/uploads\/2020\/06\/3seq-unlinked.00_20_56_03.Still005-2.jpg?id=4527) !important;}&#8221; el_class=&#8221;max-row-column2&#8243;][vc_column width=&#8221;1\/4&#8243;][\/vc_column][vc_column width=&#8221;1\/2&#8243;][vc_custom_heading heading_style=&#8221;heading_style_3&#8243; text=&#8221;nagrania ch\u00f3ru&#8221; font_container=&#8221;tag:h1|font_size:30|text_align:center&#8221; use_theme_fonts=&#8221;yes&#8221; css=&#8221;.vc_custom_1592649410898{margin-top: 0px !important;border-top-width: 0px !important;padding-top: 0px !important;}&#8221; sub_heading=&#8221;Octava&#8221;][vc_custom_heading heading_style=&#8221;sub_heading_style_1&#8243; text=&#8221;do pobrania pod linkami&#8221; font_container=&#8221;tag:h2|font_size:16|text_align:center&#8221; use_theme_fonts=&#8221;yes&#8221; css=&#8221;.vc_custom_1592649419785{border-bottom-width: 0px !important;padding-bottom: 0px !important;}&#8221; el_class=&#8221;max-row-column2&#8243;][\/vc_column][vc_column width=&#8221;1\/4&#8243;][\/vc_column][\/vc_row][vc_row][vc_column width=&#8221;1\/4&#8243;][\/vc_column][vc_column parallax=&#8221;content-moving-fade&#8221; width=&#8221;1\/2&#8243;][vc_column_text]\n<p><\/p>\n\n\nCeremonia \u015blubu:<\/p>\r\n<p>\n\n\n\n<figure class=\"wp-block-audio\"><audio src=\"https:\/\/piotrkedziora.pl\/wp-content\/uploads\/2020\/06\/01-przed-ceremonia.mp3\" controls=\"controls\"><\/audio><\/figure>\r\n<p>\n\n\n\n<figure class=\"wp-block-audio\"><audio src=\"https:\/\/piotrkedziora.pl\/wp-content\/uploads\/2020\/06\/02-na-wejscie.mp3\" controls=\"controls\"><\/audio><\/figure>\r\n<p>\n\n\n\n<figure class=\"wp-block-audio\"><audio controls src=\"https:\/\/piotrkedziora.pl\/wp-content\/uploads\/2020\/06\/03-hymn-do-DS.mp3\"><\/audio><\/figure>\n\n\n\nMsza za nowo\u017ce\u0144c\u00f3w:<\/p>\r\n<p>\n\n\n\n<figure class=\"wp-block-audio\"><audio src=\"https:\/\/piotrkedziora.pl\/wp-content\/uploads\/2020\/06\/04-u-stopni.mp3\" controls=\"controls\"><\/audio><\/figure>\r\n<p>\n\n\n\n<figure class=\"wp-block-audio\"><audio src=\"https:\/\/piotrkedziora.pl\/wp-content\/uploads\/2020\/06\/05-kyrie.mp3\" controls=\"controls\"><\/audio><\/figure>\r\n<p>\n\n\n\n<figure class=\"wp-block-audio\"><audio src=\"https:\/\/piotrkedziora.pl\/wp-content\/uploads\/2020\/06\/06-gloria.mp3\" controls=\"controls\"><\/audio><\/figure>\r\n<p>\n\n\n\n<figure class=\"wp-block-audio\"><audio src=\"https:\/\/piotrkedziora.pl\/wp-content\/uploads\/2020\/06\/07-gradual-alleluja.mp3\" controls=\"controls\"><\/audio><\/figure>\r\n<p>\n\n\n\n<figure class=\"wp-block-audio\"><audio src=\"https:\/\/piotrkedziora.pl\/wp-content\/uploads\/2020\/06\/08-offertotium1.mp3\" controls=\"controls\"><\/audio><\/figure>\r\n<p>\n\n\n\n<figure class=\"wp-block-audio\"><audio src=\"https:\/\/piotrkedziora.pl\/wp-content\/uploads\/2020\/06\/09-offertorium2.mp3\" controls=\"controls\"><\/audio><\/figure>\r\n<p>\n\n\n\n<figure class=\"wp-block-audio\"><audio src=\"https:\/\/piotrkedziora.pl\/wp-content\/uploads\/2020\/06\/10-sanctus.mp3\" controls=\"controls\"><\/audio><\/figure>\r\n<p>\n\n\n\n<figure class=\"wp-block-audio\"><audio src=\"https:\/\/piotrkedziora.pl\/wp-content\/uploads\/2020\/06\/11-benedictus.mp3\" controls=\"controls\"><\/audio><\/figure>\r\n<p>\n\n\n\n<figure class=\"wp-block-audio\"><audio src=\"https:\/\/piotrkedziora.pl\/wp-content\/uploads\/2020\/06\/12-agnus.mp3\" controls=\"controls\"><\/audio><\/figure>\r\n<p>\n\n\n\n<figure class=\"wp-block-audio\"><audio src=\"https:\/\/piotrkedziora.pl\/wp-content\/uploads\/2020\/06\/13-komunia.mp3\" controls=\"controls\"><\/audio><\/figure>\r\n<p>\n\n\n\n<figure class=\"wp-block-audio\"><audio src=\"https:\/\/piotrkedziora.pl\/wp-content\/uploads\/2020\/06\/14-slaw-jezyku.mp3\" controls=\"controls\"><\/audio><\/figure>\r\n<p>\n\n\n\n<figure class=\"wp-block-audio\"><audio src=\"https:\/\/piotrkedziora.pl\/wp-content\/uploads\/2020\/06\/15-salve.mp3\" controls=\"controls\"><\/audio><\/figure>\r\n<p>\n\n\n\n<figure class=\"wp-block-audio\"><audio src=\"https:\/\/piotrkedziora.pl\/wp-content\/uploads\/2020\/06\/16-bogurodzica.mp3\" controls=\"controls\"><\/audio><\/figure>\r\n<p>\n\n\n\n<figure class=\"wp-block-audio\"><audio src=\"https:\/\/piotrkedziora.pl\/wp-content\/uploads\/2020\/06\/17-cantate.mp3\" controls=\"controls\"><\/audio><\/figure>\n\n\n<p>&nbsp;<\/p>\n\n\n<p style=\"text-align:right\">wykonanie: <strong>OCTAVA ensemble<\/strong><br><a href=\"https:\/\/www.facebook.com\/OCTAVAensemble\/\">https:\/\/www.facebook.com\/OCTAVAensemble\/<\/a><\/p>\n\n\n<p><\/p>\n\n\n<br>&nbsp;<\/p>\r\n<p>\n\n\n<p>&nbsp;<\/p>\n[\/vc_column_text][\/vc_column][vc_column width=&#8221;1\/4&#8243;][\/vc_column][\/vc_row]","protected":false},"excerpt":{"rendered":"<p>[vc_row][vc_column][vc_separator][\/vc_column][\/vc_row][vc_row][vc_column width=&#8221;1\/6&#8243;][\/vc_column][vc_column width=&#8221;2\/3&#8243;][vc_video link=&#8221;https:\/\/youtu.be\/lEF6ECFeE0o&#8221; align=&#8221;center&#8221;][\/vc_column][vc_column width=&#8221;1\/6&#8243;][\/vc_column][\/vc_row][vc_row full_width=&#8221;stretch_row_content&#8221; parallax=&#8221;content-moving&#8221; parallax_speed_bg=&#8221;2.2&#8243; overlay_set=&#8221;show_overlay_color&#8221; overlay_color=&#8221;#0a0a0a&#8221; css=&#8221;.vc_custom_1592649621732{padding-top: 40px !important;padding-bottom: 40px !important;background-image: url(https:\/\/piotrkedziora.pl\/wp-content\/uploads\/2020\/06\/3seq-unlinked.00_20_56_03.Still005-2.jpg?id=4527) !important;}&#8221; el_class=&#8221;max-row-column2&#8243;][vc_column width=&#8221;1\/4&#8243;][\/vc_column][vc_column width=&#8221;1\/2&#8243;][vc_custom_heading heading_style=&#8221;heading_style_3&#8243; text=&#8221;nagrania ch\u00f3ru&#8221; font_container=&#8221;tag:h1|font_size:30|text_align:center&#8221; use_theme_fonts=&#8221;yes&#8221; css=&#8221;.vc_custom_1592649410898{margin-top: 0px !important;border-top-width: 0px&#8230;<\/p>\n","protected":false},"author":1,"featured_media":0,"parent":0,"menu_order":0,"comment_status":"closed","ping_status":"closed","template":"","meta":{"_monsterinsights_skip_tracking":false,"_monsterinsights_sitenote_active":false,"_monsterinsights_sitenote_note":"","_monsterinsights_sitenote_category":0,"_uf_show_specific_survey":0,"_uf_disable_surveys":false,"footnotes":""},"class_list":["post-4444","page","type-page","status-publish"],"_links":{"self":[{"href":"https:\/\/piotrkedziora.pl\/index.php\/wp-json\/wp\/v2\/pages\/4444","targetHints":{"allow":["GET"]}}],"collection":[{"href":"https:\/\/piotrkedziora.pl\/index.php\/wp-json\/wp\/v2\/pages"}],"about":[{"href":"https:\/\/piotrkedziora.pl\/index.php\/wp-json\/wp\/v2\/types\/page"}],"author":[{"embeddable":true,"href":"https:\/\/piotrkedziora.pl\/index.php\/wp-json\/wp\/v2\/users\/1"}],"replies":[{"embeddable":true,"href":"https:\/\/piotrkedziora.pl\/index.php\/wp-json\/wp\/v2\/comments?post=4444"}],"version-history":[{"count":88,"href":"https:\/\/piotrkedziora.pl\/index.php\/wp-json\/wp\/v2\/pages\/4444\/revisions"}],"predecessor-version":[{"id":4571,"href":"https:\/\/piotrkedziora.pl\/index.php\/wp-json\/wp\/v2\/pages\/4444\/revisions\/4571"}],"wp:attachment":[{"href":"https:\/\/piotrkedziora.pl\/index.php\/wp-json\/wp\/v2\/media?parent=4444"}],"curies":[{"name":"wp","href":"https:\/\/api.w.org\/{rel}","templated":true}]}}