{"id":2464,"date":"2018-08-06T09:26:43","date_gmt":"2018-08-06T09:26:43","guid":{"rendered":"https:\/\/demo.harutheme.com\/formota\/?page_id=2464"},"modified":"2026-02-17T01:53:18","modified_gmt":"2026-02-17T00:53:18","slug":"oferta-slubnaold","status":"publish","type":"page","link":"https:\/\/piotrkedziora.pl\/index.php\/oferta-slubnaold\/","title":{"rendered":"Oferta \u015blubnaOLD"},"content":{"rendered":"[vc_row][vc_column][vc_single_image image=&#8221;4572&#8243; img_size=&#8221;full&#8221; alignment=&#8221;center&#8221;][\/vc_column][\/vc_row][vc_row css=&#8221;.vc_custom_1533782956802{padding-bottom: 8% !important;}&#8221;][vc_column][vc_row_inner][vc_column_inner][vc_custom_heading heading_style=&#8221;heading_style_6&#8243; text=&#8221;&#8221; font_container=&#8221;tag:h2|text_align:center&#8221; use_theme_fonts=&#8221;yes&#8221; pre_heading=&#8221;Oferta fotograficzna&#8221;][\/vc_column_inner][\/vc_row_inner][vc_row_inner][vc_column_inner width=&#8221;1\/6&#8243;][\/vc_column_inner][vc_column_inner width=&#8221;2\/3&#8243;][vc_column_text el_class=&#8221;secondary-font heading-color&#8221; css=&#8221;.vc_custom_1663273835850{padding-top: 5% !important;padding-right: 10% !important;padding-left: 10% !important;}&#8221;]\n<p class=\"p1\" style=\"text-align: left;\">\u00a0 \u00a0 \u00a0 \u00a0 B\u0119dzie mi bardzo mi\u0142o, je\u015bli b\u0119d\u0119 m\u00f3g\u0142 by\u0107 z Wami tego wyj\u0105tkowego dnia. Poni\u017cej przedstawiam moj\u0105 ofert\u0119. Nie mam &#8220;pakiet\u00f3w&#8221; zale\u017cnych od ceny &#8211; nie potrafi\u0119 pracowa\u0107 &#8220;nie na 100%&#8221; : )<\/p>\n<p class=\"p1\" style=\"text-align: left;\">\u00a0 \u00a0 \u00a0 \u00a0 Powierzaj\u0105c mi reporta\u017c fotograficzny, mo\u017cecie mie\u0107 pewno\u015b\u0107, \u017ce <strong>dam z siebie wszystko i nie umknie mi \u017cadna wa\u017cna dla Was chwila<\/strong>.<\/p>\n<p style=\"text-align: left;\">\u00a0 \u00a0 \u00a0 \u00a0 Dodatkowo, je\u015bli zechcecie, jest mo\u017cliwo\u015b\u0107 dokupienia album\u00f3w fotograficznych, odbitek czy pendriv\u00f3w po cenie producenta (w cenie reporta\u017cu jest wliczone ich przygotowanie). Wi\u0119cej szczeg\u00f3\u0142\u00f3w mo\u017cemy om\u00f3wi\u0107 na spotkaniu.<\/p>\n[\/vc_column_text][vc_btn button_style=&#8221;button_style_5&#8243; title=&#8221;Zobacz moje reporta\u017ce \u015blubne&#8221; style=&#8221;classic&#8221; align=&#8221;center&#8221; i_icon_fontawesome=&#8221;fa fa-camera-retro&#8221; add_icon=&#8221;true&#8221; link=&#8221;url:http%3A%2F%2Fpiotrkedziora.pl%2Findex.php%2Fprace-fotograficzne%2F|||&#8221;][\/vc_column_inner][vc_column_inner width=&#8221;1\/6&#8243;][\/vc_column_inner][\/vc_row_inner][vc_row_inner css=&#8221;.vc_custom_1589213090651{padding-top: 2% !important;}&#8221;][vc_column_inner width=&#8221;1\/12&#8243;][\/vc_column_inner][vc_column_inner width=&#8221;5\/6&#8243;][haru_pricing_plan plans=&#8221;%5B%7B%22title%22%3A%22Album%22%2C%22price%22%3A%22300%22%2C%22information%22%3A%22%255B%257B%2522info%2522%253A%2522rozmiar%252025%2520x%252025%2520cm%2522%257D%252C%257B%2522info%2522%253A%2522druk%2520UV%2520na%2520ok%25C5%2582adce%2522%257D%252C%257B%2522info%2522%253A%252220%2520stron%2520(10%2520kart)%2522%257D%252C%257B%2522info%2522%253A%2522dodatkowa%2520karta%253A%252010%2520z%25C5%2582%2522%257D%255D%22%2C%22image%22%3A%222113%22%2C%22link%22%3A%22url%3Ahttp%253A%252F%252Fpiotrkedziora.pl%252Findex.php%252Fslubny-formularz-kontaktowy%252F%7C%7C%7C%22%7D%2C%7B%22title%22%3A%22Reporta%C5%BC%22%2C%22price%22%3A%224%20100%22%2C%22featured%22%3A%22featured%22%2C%22information%22%3A%22%255B%257B%2522info%2522%253A%2522zaczynam%2520prac%25C4%2599%2520od%2520Waszych%2520przygotowa%25C5%2584%2520i%2520ko%25C5%2584cz%25C4%2599%2520po%2520oczepinach%2520(max.%252012h)%2522%257D%252C%257B%2522info%2522%253A%2522dostarczam%2520minimum%2520400%2520zdj%25C4%2599%25C4%2587%2522%257D%252C%257B%2522info%2522%253A%2522kilka%2520zdj%25C4%2599%25C4%2587%2520otrzymujecie%2520ode%2520mnie%2520ju%25C5%25BC%2520kilka%2520dni%2520po%2520uroczysto%25C5%259Bci%2522%257D%255D%22%2C%22image%22%3A%222160%22%2C%22link%22%3A%22url%3Ahttp%253A%252F%252Fpiotrkedziora.pl%252Findex.php%252Fslubny-formularz-kontaktowy%252F%7C%7C%7C%22%7D%2C%7B%22title%22%3A%22odbitki%20w%20pude%C5%82ku%22%2C%22price%22%3A%22250%22%2C%22information%22%3A%22%255B%257B%2522info%2522%253A%252280%2520odbitek%2520w%2520rozmiarze%252015%2520x%252021%2520cm%2522%257D%252C%257B%2522info%2522%253A%2522pude%25C5%2582ko%2520z%2520grawerem%2520UV%2522%257D%252C%257B%2522info%2522%253A%2522eleganckie%2520wyko%25C5%2584czenie%2522%257D%252C%257B%2522info%2522%253A%2522wiele%2520rodzaj%25C3%25B3w%2520do%2520wyboru%2522%257D%255D%22%2C%22image%22%3A%222162%22%2C%22link%22%3A%22url%3Ahttp%253A%252F%252Fpiotrkedziora.pl%252Findex.php%252Fslubny-formularz-kontaktowy%252F%7C%7C%7C%22%7D%5D&#8221; columns=&#8221;3&#8243; currency=&#8221;z\u0142&#8221; el_class=&#8221;special-plans&#8221;][\/vc_column_inner][vc_column_inner width=&#8221;1\/12&#8243;][\/vc_column_inner][\/vc_row_inner][\/vc_column][vc_column][\/vc_column][\/vc_row][vc_row full_width=&#8221;stretch_row&#8221; css=&#8221;.vc_custom_1663273693100{padding-top: 3% !important;padding-bottom: 20% !important;background-color: #ded5d0 !important;}&#8221;][vc_column][vc_row_inner][vc_column_inner][vc_custom_heading heading_style=&#8221;heading_style_6&#8243; text=&#8221;&#8221; font_container=&#8221;tag:h2|text_align:center|color:%23595959&#8243; use_theme_fonts=&#8221;yes&#8221; pre_heading=&#8221;Wyj\u0105tkowy&#8221; hightlight_heading=&#8221;film \u015blubny&#8221;][\/vc_column_inner][\/vc_row_inner][vc_row_inner][vc_column_inner width=&#8221;1\/6&#8243;][\/vc_column_inner][vc_column_inner width=&#8221;2\/3&#8243;][vc_column_text el_class=&#8221;secondary-font heading-color&#8221; css=&#8221;.vc_custom_1663273847891{padding-top: 5% !important;padding-right: 10% !important;padding-left: 10% !important;}&#8221;]\n<p class=\"p1\" style=\"text-align: center;\">Tworz\u0119 filmy \u015blubne &#8211; mo\u017cecie zdecydowa\u0107 si\u0119 na jedn\u0105 z dost\u0119pnych d\u0142ugo\u015bci g\u0142\u00f3wnego filmu. Do kr\u00f3tkiego i d\u0142ugiego reporta\u017cu do\u0142\u0105czam r\u00f3wnie\u017c kilkuminutowy teledysk &#8211; skr\u00f3t z uroczysto\u015bci.<\/p>\n[\/vc_column_text][vc_btn button_style=&#8221;button_style_5&#8243; title=&#8221;Zobacz moje filmy \u015blubne&#8221; align=&#8221;center&#8221; i_icon_fontawesome=&#8221;fa fa-vimeo&#8221; add_icon=&#8221;true&#8221; link=&#8221;url:http%3A%2F%2Fpiotrkedziora.pl%2Findex.php%2Fportfolio-filmy-slubne%2F|||&#8221;][\/vc_column_inner][vc_column_inner width=&#8221;1\/6&#8243;][\/vc_column_inner][\/vc_row_inner][\/vc_column][\/vc_row][vc_row css=&#8221;.vc_custom_1533782723886{margin-top: -18% !important;padding-bottom: 10% !important;}&#8221;][vc_column][vc_row_inner][vc_column_inner][haru_pricing_plan plans=&#8221;%5B%7B%22title%22%3A%22teledysk%22%2C%22price%22%3A%225000%22%2C%22information%22%3A%22%255B%257B%2522info%2522%253A%2522teledysk%2520d%25C5%2582ugo%25C5%259Bci%2520ok.%25205-7%2520minut%2522%257D%252C%257B%2522info%2522%253A%2522jestem%2520z%2520Wami%2520od%2520przygotowa%25C5%2584%2520do%252022%253A00%2522%257D%252C%257B%2522info%2522%253A%2522pendrive%2520w%2520eleganckim%2520pude%25C5%2582ku%2522%257D%255D%22%2C%22image%22%3A%222113%22%2C%22link%22%3A%22url%3Ahttp%253A%252F%252Fpiotrkedziora.pl%252Findex.php%252Fslubny-formularz-kontaktowy%252F%7Ctitle%3Azapytaj%2520o%2520szczeg%25C3%25B3%25C5%2582y%7C%7C%22%7D%2C%7B%22title%22%3A%22kr%C3%B3tki%20reporta%C5%BC%22%2C%22price%22%3A%226000%22%2C%22featured%22%3A%22featured%22%2C%22information%22%3A%22%255B%257B%2522info%2522%253A%2522film%2520d%25C5%2582ugo%25C5%259Bci%2520ok.%252010-12%2520minut%2522%257D%252C%257B%2522info%2522%253A%2522jestem%2520z%2520Wami%2520od%2520przygotowa%25C5%2584%2520do%2520ko%25C5%2584ca%2520oczepin%2522%257D%252C%257B%2522info%2522%253A%2522surowy%2520materia%25C5%2582%2520w%2520cenie%2522%257D%255D%22%2C%22image%22%3A%222160%22%2C%22link%22%3A%22url%3Ahttp%253A%252F%252Fpiotrkedziora.pl%252Findex.php%252Fslubny-formularz-kontaktowy%252F%7C%7C%7C%22%7D%2C%7B%22title%22%3A%22d%C5%82ugi%20repora%C5%BC%22%2C%22price%22%3A%227000%22%2C%22information%22%3A%22%255B%257B%2522info%2522%253A%2522film%2520d%25C5%2582ugo%25C5%259Bci%252025-30%2520minut%2522%257D%252C%257B%2522info%2522%253A%2522jestem%2520z%2520Wami%2520od%2520przygotowa%25C5%2584%2520do%2520ko%25C5%2584ca%2520oczepin%2522%257D%252C%257B%2522info%2522%253A%2522w%2520cenie%2520r%25C3%25B3wnie%25C5%25BC%2520kr%25C3%25B3tkie%2520materia%25C5%2582y%2520video%2520na%2520Wasze%2520media%2520spo%25C5%2582eczno%25C5%259Bciowe%2522%257D%255D%22%2C%22image%22%3A%222162%22%2C%22link%22%3A%22url%3Ahttp%253A%252F%252Fpiotrkedziora.pl%252Findex.php%252Fslubny-formularz-kontaktowy%252F%7Ctitle%3AZAREZERWUJ%2520TERMIN%7C%7C%22%7D%5D&#8221; layout_type=&#8221;style_2&#8243; columns=&#8221;3&#8243; currency=&#8221;z\u0142&#8221;][\/vc_column_inner][\/vc_row_inner][\/vc_column][\/vc_row][vc_row css=&#8221;.vc_custom_1533782956802{padding-bottom: 8% !important;}&#8221;][vc_column][vc_row_inner][vc_column_inner width=&#8221;1\/3&#8243;][vc_empty_space][vc_single_image image=&#8221;7704&#8243; img_size=&#8221;large&#8221; alignment=&#8221;right&#8221;][\/vc_column_inner][vc_column_inner width=&#8221;2\/3&#8243;][vc_custom_heading heading_style=&#8221;heading_style_6&#8243; text=&#8221;&#8221; font_container=&#8221;tag:h2|text_align:center&#8221; use_theme_fonts=&#8221;yes&#8221; pre_heading=&#8221;Dokumentalny film \u015blubny&#8221;][vc_column_text el_class=&#8221;secondary-font heading-color&#8221; css=&#8221;.vc_custom_1743756259362{padding-top: 5% !important;padding-right: 10% !important;padding-left: 10% !important;}&#8221;]\n<p class=\"p1\" style=\"text-align: left;\">\u00a0 \u00a0 \u00a0 \u00a0 Film w stylu dokumentalnym to spos\u00f3b na wyj\u015bcie poza standardowe ramy, to film inny ni\u017c wszystkie. Zainspirowany kr\u00f3tkometra\u017cowymi dokumentami, ogl\u0105danymi na festiwalach filmowych, stworzy\u0142em format kt\u00f3ry stara si\u0119 najwierniej odda\u0107 atmosfer\u0119 dnia \u015blubu.<\/p>\n<p>Statyczne kadry, z\u0142o\u017cona kompozycja, naturalny d\u017awi\u0119k i niebanalna muzyka &#8211; to elementy, kt\u00f3re czyni\u0105 ten film wyj\u0105tkowym. Przyk\u0142adowy film mo\u017cecie zobaczy\u0107 tutaj <a href=\"https:\/\/piotrkedziora.pl\/index.php\/aleksandra-i-kamil-2\/\">KLIK<\/a>.<\/p>\n<p class=\"p1\" style=\"text-align: left;\">\u00a0 \u00a0 \u00a0 \u00a0 Je\u015bli jeste\u015bcie zainteresowani, napiszcie przez <a href=\"https:\/\/piotrkedziora.pl\/index.php\/slubny-formularz-kontaktowy\/\">formularz kontaktowy<\/a>, om\u00f3wimy wszystkie szczeg\u00f3\u0142y. Cena w roku 2026 to 7500 z\u0142, w 2027 &#8211; 8000 z\u0142.<\/p>\n[\/vc_column_text][\/vc_column_inner][\/vc_row_inner]\t\t\t<rs-module-wrap id=\"rev_slider_error_1_wrapper\">\n\t\t\t\t<rs-module id=\"rev_slider_error_1\">\n\t\t\t\t\t<div class=\"rs_error_message_box\">\n\t\t\t\t\t\t<div class=\"rs_error_message_oops\">Oops...<\/div>\n\t\t\t\t\t\t<div class=\"rs_error_message_content\">Slider with alias slider 8 not found.<\/div>\n\t\t\t\t\t<\/div>\n\t\t\t\t<\/rs-module>\n\t\t\t<\/rs-module-wrap>\n\t\t\t<script type=\"text\/javascript\">\n\t\t\t\tvar rs_eslider = document.getElementById(\"rev_slider_error_1\");\n\t\t\t\trs_eslider.style.display = \"none\";\n\t\t\t\tconsole.log(\"Slider with alias slider 8 not found.\");\n\t\t\t<\/script>\n[\/vc_column][\/vc_row][vc_row full_width=&#8221;stretch_row_content&#8221; disable_element=&#8221;yes&#8221;][vc_column][vc_custom_heading heading_style=&#8221;heading_style_15&#8243; text=&#8221;Co mnie wyr\u00f3\u017cnia?&#8221; font_container=&#8221;tag:h2|text_align:center|color:%235b5b5b&#8221; use_theme_fonts=&#8221;yes&#8221;][vc_custom_heading heading_style=&#8221;heading_style_4&#8243; text=&#8221;Emocje na pierwszym planie&#8221; font_container=&#8221;tag:h1|text_align:center|color:%235b5b5b&#8221; google_fonts=&#8221;font_family:Antic%20Didone%3Aregular|font_style:400%20regular%3A400%3Anormal&#8221;][haru_gallery_creative images=&#8221;%5B%7B%22title%22%3A%22Themeforest%22%2C%22image%22%3A%229985%22%2C%22size%22%3A%22default%22%7D%2C%7B%22title%22%3A%22Codecanyon%22%2C%22image%22%3A%229984%22%2C%22size%22%3A%22default%22%7D%2C%7B%22title%22%3A%22Photodune%22%2C%22image%22%3A%229982%22%2C%22size%22%3A%22default%22%7D%2C%7B%22image%22%3A%229981%22%2C%22size%22%3A%22default%22%7D%2C%7B%22image%22%3A%229980%22%2C%22size%22%3A%22default%22%7D%5D&#8221; columns=&#8221;5&#8243;][vc_separator style=&#8221;double&#8221;][vc_custom_heading heading_style=&#8221;heading_style_4&#8243; text=&#8221;Szukanie innej perspektywy&#8221; font_container=&#8221;tag:h1|text_align:center|color:%235b5b5b&#8221; google_fonts=&#8221;font_family:Antic%20Didone%3Aregular|font_style:400%20regular%3A400%3Anormal&#8221;][haru_gallery_creative images=&#8221;%5B%7B%22title%22%3A%22Themeforest%22%2C%22image%22%3A%229891%22%2C%22size%22%3A%22default%22%7D%2C%7B%22title%22%3A%22Codecanyon%22%2C%22image%22%3A%229846%22%2C%22size%22%3A%22default%22%7D%2C%7B%22title%22%3A%22Photodune%22%2C%22image%22%3A%229674%22%2C%22size%22%3A%22default%22%7D%2C%7B%22image%22%3A%229601%22%2C%22size%22%3A%22default%22%7D%2C%7B%22image%22%3A%229509%22%2C%22size%22%3A%22default%22%7D%5D&#8221; columns=&#8221;5&#8243;][vc_separator style=&#8221;double&#8221;][vc_custom_heading heading_style=&#8221;heading_style_4&#8243; text=&#8221;Spojrzenia, kt\u00f3re opowiadaj\u0105 historie&#8221; font_container=&#8221;tag:h1|text_align:center|color:%235b5b5b&#8221; google_fonts=&#8221;font_family:Antic%20Didone%3Aregular|font_style:400%20regular%3A400%3Anormal&#8221;][haru_gallery_creative images=&#8221;%5B%7B%22title%22%3A%22Themeforest%22%2C%22image%22%3A%229891%22%2C%22size%22%3A%22default%22%7D%2C%7B%22title%22%3A%22Codecanyon%22%2C%22image%22%3A%229846%22%2C%22size%22%3A%22default%22%7D%2C%7B%22title%22%3A%22Photodune%22%2C%22image%22%3A%229674%22%2C%22size%22%3A%22default%22%7D%2C%7B%22image%22%3A%229601%22%2C%22size%22%3A%22default%22%7D%2C%7B%22image%22%3A%229509%22%2C%22size%22%3A%22default%22%7D%5D&#8221; columns=&#8221;5&#8243;][\/vc_column][\/vc_row]\n","protected":false},"excerpt":{"rendered":"<p>[vc_row][vc_column][vc_single_image image=&#8221;4572&#8243; img_size=&#8221;full&#8221; alignment=&#8221;center&#8221;][\/vc_column][\/vc_row][vc_row css=&#8221;.vc_custom_1533782956802{padding-bottom: 8% !important;}&#8221;][vc_column][vc_row_inner][vc_column_inner][vc_custom_heading heading_style=&#8221;heading_style_6&#8243; text=&#8221;&#8221; font_container=&#8221;tag:h2|text_align:center&#8221; use_theme_fonts=&#8221;yes&#8221; pre_heading=&#8221;Oferta fotograficzna&#8221;][\/vc_column_inner][\/vc_row_inner][vc_row_inner][vc_column_inner width=&#8221;1\/6&#8243;][\/vc_column_inner][vc_column_inner width=&#8221;2\/3&#8243;][vc_column_text el_class=&#8221;secondary-font heading-color&#8221; css=&#8221;.vc_custom_1663273835850{padding-top: 5% !important;padding-right: 10% !important;padding-left: 10% !important;}&#8221;] \u00a0 \u00a0 \u00a0 \u00a0 B\u0119dzie mi&#8230;<\/p>\n","protected":false},"author":1,"featured_media":0,"parent":0,"menu_order":0,"comment_status":"closed","ping_status":"closed","template":"","meta":{"_monsterinsights_skip_tracking":false,"_monsterinsights_sitenote_active":false,"_monsterinsights_sitenote_note":"","_monsterinsights_sitenote_category":0,"_uf_show_specific_survey":0,"_uf_disable_surveys":false,"footnotes":""},"class_list":["post-2464","page","type-page","status-publish"],"_links":{"self":[{"href":"https:\/\/piotrkedziora.pl\/index.php\/wp-json\/wp\/v2\/pages\/2464","targetHints":{"allow":["GET"]}}],"collection":[{"href":"https:\/\/piotrkedziora.pl\/index.php\/wp-json\/wp\/v2\/pages"}],"about":[{"href":"https:\/\/piotrkedziora.pl\/index.php\/wp-json\/wp\/v2\/types\/page"}],"author":[{"embeddable":true,"href":"https:\/\/piotrkedziora.pl\/index.php\/wp-json\/wp\/v2\/users\/1"}],"replies":[{"embeddable":true,"href":"https:\/\/piotrkedziora.pl\/index.php\/wp-json\/wp\/v2\/comments?post=2464"}],"version-history":[{"count":146,"href":"https:\/\/piotrkedziora.pl\/index.php\/wp-json\/wp\/v2\/pages\/2464\/revisions"}],"predecessor-version":[{"id":10815,"href":"https:\/\/piotrkedziora.pl\/index.php\/wp-json\/wp\/v2\/pages\/2464\/revisions\/10815"}],"wp:attachment":[{"href":"https:\/\/piotrkedziora.pl\/index.php\/wp-json\/wp\/v2\/media?parent=2464"}],"curies":[{"name":"wp","href":"https:\/\/api.w.org\/{rel}","templated":true}]}}