{"id":11952,"date":"2026-03-15T17:40:36","date_gmt":"2026-03-15T16:40:36","guid":{"rendered":"https:\/\/piotrkedziora.pl\/?page_id=11952"},"modified":"2026-03-15T17:40:36","modified_gmt":"2026-03-15T16:40:36","slug":"rolki-dla-biznesu","status":"publish","type":"page","link":"https:\/\/piotrkedziora.pl\/index.php\/rolki-dla-biznesu\/","title":{"rendered":"Rolki dla biznesu"},"content":{"rendered":"[vc_section type=&#8221;full_width_background&#8221; text_color=&#8221;dark&#8221; top_padding=&#8221;6%&#8221; constrain_group_1=&#8221;yes&#8221; bottom_padding=&#8221;6%&#8221; row_border_radius=&#8221;none&#8221; row_border_radius_applies=&#8221;bg&#8221; content_layout=&#8221;default&#8221; advanced_gradient_display_type=&#8221;linear&#8221;][vc_row type=&#8221;full_width_background&#8221; full_screen_row_position=&#8221;middle&#8221; column_margin=&#8221;default&#8221; column_direction=&#8221;default&#8221; column_direction_tablet=&#8221;default&#8221; column_direction_phone=&#8221;default&#8221; scene_position=&#8221;center&#8221; left_padding_tablet=&#8221;15%&#8221; constrain_group_4=&#8221;yes&#8221; right_padding_tablet=&#8221;15%&#8221; left_padding_phone=&#8221;0&#8243; constrain_group_6=&#8221;yes&#8221; right_padding_phone=&#8221;0&#8243; text_color=&#8221;dark&#8221; text_align=&#8221;left&#8221; row_border_radius=&#8221;none&#8221; row_border_radius_applies=&#8221;bg&#8221; row_position_desktop=&#8221;default&#8221; row_position_tablet=&#8221;inherit&#8221; row_position_phone=&#8221;inherit&#8221; overflow=&#8221;visible&#8221; id=&#8221;overview&#8221; overlay_strength=&#8221;0.3&#8243; gradient_direction=&#8221;left_to_right&#8221; shape_divider_position=&#8221;bottom&#8221; bg_image_animation=&#8221;none&#8221; gradient_type=&#8221;default&#8221; shape_type=&#8221;&#8221;][vc_column column_padding=&#8221;no-extra-padding&#8221; column_padding_tablet=&#8221;inherit&#8221; column_padding_phone=&#8221;inherit&#8221; column_padding_position=&#8221;all&#8221; flex_gap_desktop=&#8221;30px&#8221; desktop_text_alignment=&#8221;center&#8221; tablet_text_alignment=&#8221;default&#8221; phone_text_alignment=&#8221;default&#8221; background_color_opacity=&#8221;1&#8243; background_hover_color_opacity=&#8221;1&#8243; column_backdrop_filter=&#8221;none&#8221; column_shadow=&#8221;none&#8221; column_border_radius=&#8221;none&#8221; column_link_target=&#8221;_self&#8221; column_position=&#8221;default&#8221; gradient_direction=&#8221;left_to_right&#8221; overlay_strength=&#8221;0.3&#8243; width=&#8221;1\/1&#8243; tablet_width_inherit=&#8221;default&#8221; animation_type=&#8221;default&#8221; bg_image_animation=&#8221;none&#8221; border_type=&#8221;simple&#8221; column_border_width=&#8221;none&#8221; column_border_style=&#8221;solid&#8221; column_padding_type=&#8221;default&#8221; content_layout=&#8221;flexbox&#8221; flex_layout_desktop=&#8221;column&#8221; flex_justify_content_desktop=&#8221;center&#8221; flex_align_items_desktop=&#8221;center&#8221; flex_align_items_phone=&#8221;&#8221; flex_wrap_desktop=&#8221;nowrap&#8221; flex_reverse_desktop=&#8221;false&#8221; gradient_type=&#8221;default&#8221;][split_line_heading line_reveal_by_space_text_effect=&#8221;fade-bottom&#8221; font_style=&#8221;h1&#8243; stagger_animation=&#8221;true&#8221; content_alignment=&#8221;default&#8221; mobile_content_alignment=&#8221;inherit&#8221; animation_type=&#8221;line-reveal-by-space&#8221; link_target=&#8221;_self&#8221; text_content=&#8221;Reelsy, kt\u00f3re dzia\u0142aj\u0105.&#8221; text_direction=&#8221;default&#8221; max_width=&#8221;750px&#8221;][\/split_line_heading][vc_row_inner column_margin=&#8221;none&#8221; column_direction=&#8221;default&#8221; column_direction_tablet=&#8221;default&#8221; column_direction_phone=&#8221;default&#8221; text_align=&#8221;left&#8221; row_position=&#8221;default&#8221; row_position_tablet=&#8221;inherit&#8221; row_position_phone=&#8221;inherit&#8221; overflow=&#8221;visible&#8221; pointer_events=&#8221;all&#8221;][vc_column_inner column_padding=&#8221;no-extra-padding&#8221; column_padding_tablet=&#8221;inherit&#8221; column_padding_phone=&#8221;inherit&#8221; column_padding_position=&#8221;all&#8221; flex_gap_desktop=&#8221;10px&#8221; desktop_text_alignment=&#8221;default&#8221; tablet_text_alignment=&#8221;default&#8221; phone_text_alignment=&#8221;default&#8221; background_color_opacity=&#8221;1&#8243; background_hover_color_opacity=&#8221;1&#8243; column_backdrop_filter=&#8221;none&#8221; column_shadow=&#8221;none&#8221; column_border_radius=&#8221;none&#8221; column_link_target=&#8221;_self&#8221; overflow=&#8221;visible&#8221; gradient_direction=&#8221;left_to_right&#8221; overlay_strength=&#8221;0.3&#8243; width=&#8221;1\/1&#8243; tablet_width_inherit=&#8221;default&#8221; animation_type=&#8221;default&#8221; enable_animation=&#8221;true&#8221; animation=&#8221;slight-fade-in-from-bottom&#8221; animation_easing=&#8221;default&#8221; bg_image_animation=&#8221;none&#8221; border_type=&#8221;simple&#8221; column_border_width=&#8221;none&#8221; column_border_style=&#8221;solid&#8221; column_padding_type=&#8221;default&#8221; content_layout=&#8221;flexbox&#8221; flex_layout_desktop=&#8221;row&#8221; flex_justify_content_desktop=&#8221;center&#8221; flex_align_items_desktop=&#8221;center&#8221; flex_align_items_phone=&#8221;&#8221; flex_wrap_desktop=&#8221;nowrap&#8221; flex_reverse_desktop=&#8221;false&#8221; gradient_type=&#8221;default&#8221; delay=&#8221;200&#8243; flex_layout_phone=&#8221;row&#8221;][nectar_cta btn_style=&#8221;text-reveal&#8221; heading_tag=&#8221;span&#8221; link_type=&#8221;regular&#8221; button_color=&#8221;extra-color-1&#8243; text_color=&#8221;#000000&#8243; button_border_thickness=&#8221;0px&#8221; alignment=&#8221;left&#8221; alignment_tablet=&#8221;default&#8221; alignment_phone=&#8221;default&#8221; constrain_group_3=&#8221;yes&#8221; constrain_group_4=&#8221;yes&#8221; display=&#8221;block&#8221; display_tablet=&#8221;inherit&#8221; display_phone=&#8221;inherit&#8221; icon_family=&#8221;none&#8221; link_text=&#8221;Get started \u2014 it\u2019s free&#8221; padding_top=&#8221;0.5em&#8221; padding_bottom=&#8221;0.5em&#8221; padding_left=&#8221;1.4em&#8221; padding_right=&#8221;1.4em&#8221;][nectar_cta btn_style=&#8221;text-reveal&#8221; heading_tag=&#8221;span&#8221; link_type=&#8221;regular&#8221; button_color=&#8221;white&#8221; text_color=&#8221;#000000&#8243; button_border_thickness=&#8221;0px&#8221; alignment=&#8221;left&#8221; alignment_tablet=&#8221;default&#8221; alignment_phone=&#8221;default&#8221; constrain_group_3=&#8221;yes&#8221; constrain_group_4=&#8221;yes&#8221; display=&#8221;block&#8221; display_tablet=&#8221;inherit&#8221; display_phone=&#8221;none&#8221; icon_family=&#8221;none&#8221; link_text=&#8221;Explore more&#8221; padding_top=&#8221;0.5em&#8221; padding_bottom=&#8221;0.5em&#8221; padding_left=&#8221;1.4em&#8221; padding_right=&#8221;1.4em&#8221; url=&#8221;#clients&#8221;][\/vc_column_inner][\/vc_row_inner][vc_row_inner column_margin=&#8221;none&#8221; column_direction=&#8221;default&#8221; column_direction_tablet=&#8221;default&#8221; column_direction_phone=&#8221;default&#8221; text_align=&#8221;left&#8221; row_position=&#8221;default&#8221; row_position_tablet=&#8221;inherit&#8221; row_position_phone=&#8221;inherit&#8221; overflow=&#8221;visible&#8221; pointer_events=&#8221;all&#8221;][vc_column_inner column_padding=&#8221;no-extra-padding&#8221; column_padding_tablet=&#8221;inherit&#8221; column_padding_phone=&#8221;inherit&#8221; column_padding_position=&#8221;all&#8221; flex_gap_desktop=&#8221;10px&#8221; desktop_text_alignment=&#8221;default&#8221; tablet_text_alignment=&#8221;default&#8221; phone_text_alignment=&#8221;default&#8221; background_color_opacity=&#8221;1&#8243; background_hover_color_opacity=&#8221;1&#8243; column_backdrop_filter=&#8221;none&#8221; column_shadow=&#8221;none&#8221; column_border_radius=&#8221;none&#8221; column_link_target=&#8221;_self&#8221; overflow=&#8221;visible&#8221; gradient_direction=&#8221;left_to_right&#8221; overlay_strength=&#8221;0.3&#8243; width=&#8221;1\/1&#8243; tablet_width_inherit=&#8221;default&#8221; animation_type=&#8221;default&#8221; enable_animation=&#8221;true&#8221; animation=&#8221;slight-fade-in-from-bottom&#8221; animation_easing=&#8221;default&#8221; bg_image_animation=&#8221;none&#8221; border_type=&#8221;simple&#8221; column_border_width=&#8221;none&#8221; column_border_style=&#8221;solid&#8221; column_padding_type=&#8221;default&#8221; content_layout=&#8221;flexbox&#8221; gradient_type=&#8221;default&#8221; delay=&#8221;325&#8243; flex_layout_desktop=&#8221;column&#8221; flex_justify_content_desktop=&#8221;center&#8221; flex_align_items_desktop=&#8221;center&#8221; flex_align_items_phone=&#8221;&#8221; flex_wrap_desktop=&#8221;nowrap&#8221; flex_reverse_desktop=&#8221;false&#8221;][nectar_circle_images images=&#8221;https:\/\/themenectar.com\/img\/demo-media\/unsplash\/tether-circle-images-5.webp,https:\/\/themenectar.com\/img\/demo-media\/unsplash\/tether-circle-images-4.webp,https:\/\/themenectar.com\/img\/demo-media\/unsplash\/tether-circle-images-3.webp,https:\/\/themenectar.com\/img\/demo-media\/unsplash\/tether-circle-images-2.webp,https:\/\/themenectar.com\/img\/demo-media\/unsplash\/tether-circle-images-1.webp&#8221; sizing=&#8221;44px&#8221; positioning=&#8221;overlapping&#8221; stacking_order=&#8221;ltr&#8221; border_color=&#8221;#EBE9E5&#8243; alignment_desktop=&#8221;left&#8221; alignment_tablet=&#8221;inherit&#8221; alignment_phone=&#8221;inherit&#8221; animation=&#8221;none&#8221; image_size=&#8221;nectar_small_square&#8221; image_loading=&#8221;skip-lazy-load&#8221;][\/vc_column_inner][\/vc_row_inner][vc_row_inner column_margin=&#8221;none&#8221; column_direction=&#8221;default&#8221; column_direction_tablet=&#8221;default&#8221; column_direction_phone=&#8221;default&#8221; text_align=&#8221;left&#8221; row_position=&#8221;default&#8221; row_position_tablet=&#8221;inherit&#8221; row_position_phone=&#8221;inherit&#8221; overflow=&#8221;visible&#8221; pointer_events=&#8221;all&#8221;][vc_column_inner column_padding=&#8221;no-extra-padding&#8221; column_padding_tablet=&#8221;inherit&#8221; column_padding_phone=&#8221;inherit&#8221; column_padding_position=&#8221;all&#8221; top_margin=&#8221;-20px&#8221; flex_gap_desktop=&#8221;10px&#8221; desktop_text_alignment=&#8221;default&#8221; tablet_text_alignment=&#8221;default&#8221; phone_text_alignment=&#8221;default&#8221; background_color_opacity=&#8221;1&#8243; background_hover_color_opacity=&#8221;1&#8243; column_backdrop_filter=&#8221;none&#8221; column_shadow=&#8221;none&#8221; column_border_radius=&#8221;none&#8221; column_link_target=&#8221;_self&#8221; overflow=&#8221;visible&#8221; gradient_direction=&#8221;left_to_right&#8221; overlay_strength=&#8221;0.3&#8243; width=&#8221;1\/1&#8243; tablet_width_inherit=&#8221;default&#8221; animation_type=&#8221;default&#8221; enable_animation=&#8221;true&#8221; animation=&#8221;slight-fade-in-from-bottom&#8221; animation_easing=&#8221;default&#8221; bg_image_animation=&#8221;none&#8221; border_type=&#8221;simple&#8221; column_border_width=&#8221;none&#8221; column_border_style=&#8221;solid&#8221; column_padding_type=&#8221;default&#8221; content_layout=&#8221;flexbox&#8221; flex_layout_desktop=&#8221;row&#8221; flex_justify_content_desktop=&#8221;center&#8221; flex_align_items_desktop=&#8221;center&#8221; flex_align_items_phone=&#8221;&#8221; flex_wrap_desktop=&#8221;nowrap&#8221; flex_reverse_desktop=&#8221;false&#8221; gradient_type=&#8221;default&#8221; delay=&#8221;450&#8243;][nectar_responsive_text inherited_font_style=&#8221;default&#8221; font_size_desktop=&#8221;14px&#8221; font_line_height=&#8221;1&#8243; text_direction=&#8221;default&#8221;]+8k Happy users[\/nectar_responsive_text][\/vc_column_inner][\/vc_row_inner][\/vc_column][\/vc_row][vc_row type=&#8221;full_width_content&#8221; full_screen_row_position=&#8221;middle&#8221; column_margin=&#8221;10px&#8221; equal_height=&#8221;yes&#8221; column_direction=&#8221;default&#8221; column_direction_tablet=&#8221;default&#8221; column_direction_phone=&#8221;default&#8221; scene_position=&#8221;center&#8221; top_padding=&#8221;60px&#8221; text_color=&#8221;dark&#8221; text_align=&#8221;left&#8221; row_border_radius=&#8221;none&#8221; row_border_radius_applies=&#8221;bg&#8221; row_position_desktop=&#8221;default&#8221; row_position_tablet=&#8221;inherit&#8221; row_position_phone=&#8221;inherit&#8221; overflow=&#8221;visible&#8221; overlay_strength=&#8221;0.3&#8243; gradient_direction=&#8221;left_to_right&#8221; shape_divider_position=&#8221;bottom&#8221; bg_image_animation=&#8221;none&#8221; gradient_type=&#8221;default&#8221; shape_type=&#8221;&#8221;][vc_column top_padding_desktop=&#8221;40px&#8221; constrain_group_100=&#8221;yes&#8221; bottom_padding_desktop=&#8221;40px&#8221; left_padding_desktop=&#8221;40px&#8221; constrain_group_101=&#8221;yes&#8221; right_padding_desktop=&#8221;40px&#8221; top_padding_tablet=&#8221;20px&#8221; constrain_group_102=&#8221;yes&#8221; bottom_padding_tablet=&#8221;20px&#8221; left_padding_tablet=&#8221;20px&#8221; constrain_group_103=&#8221;yes&#8221; right_padding_tablet=&#8221;20px&#8221; top_padding_phone=&#8221;30px&#8221; bottom_padding_phone=&#8221;30px&#8221; left_padding_phone=&#8221;30px&#8221; right_padding_phone=&#8221;30px&#8221; bottom_margin_phone=&#8221;10px&#8221; flex_gap_desktop=&#8221;10px&#8221; desktop_text_alignment=&#8221;default&#8221; tablet_text_alignment=&#8221;default&#8221; phone_text_alignment=&#8221;default&#8221; background_color=&#8221;#161514&#8243; background_color_opacity=&#8221;1&#8243; background_hover_color_opacity=&#8221;1&#8243; column_backdrop_filter=&#8221;none&#8221; font_color=&#8221;#F9F4E9&#8243; column_shadow=&#8221;none&#8221; column_border_radius=&#8221;15px&#8221; column_link_target=&#8221;_self&#8221; column_position=&#8221;default&#8221; color_overlay=&#8221;#161514&#8243; gradient_direction=&#8221;left_to_right&#8221; overlay_strength=&#8221;0.3&#8243; width=&#8221;1\/3&#8243; tablet_width_inherit=&#8221;small_desktop&#8221; animation_type=&#8221;default&#8221; enable_animation=&#8221;true&#8221; animation=&#8221;slight-fade-in-from-bottom&#8221; animation_easing=&#8221;default&#8221; bg_image_animation=&#8221;none&#8221; border_type=&#8221;simple&#8221; column_border_width=&#8221;none&#8221; column_border_style=&#8221;solid&#8221; column_padding_type=&#8221;advanced&#8221; content_layout=&#8221;flexbox&#8221; gradient_type=&#8221;default&#8221; flex_layout_desktop=&#8221;column&#8221; flex_justify_content_desktop=&#8221;space-between&#8221; flex_align_items_desktop=&#8221;flex-start&#8221; flex_align_items_phone=&#8221;&#8221; flex_wrap_desktop=&#8221;nowrap&#8221; flex_reverse_desktop=&#8221;false&#8221; delay=&#8221;450&#8243; offset=&#8221;vc_col-md-4 vc_col-xs-12&#8243;][vc_row_inner column_margin=&#8221;default&#8221; column_direction=&#8221;default&#8221; column_direction_tablet=&#8221;default&#8221; column_direction_phone=&#8221;default&#8221; text_align=&#8221;left&#8221; row_position=&#8221;default&#8221; row_position_tablet=&#8221;inherit&#8221; row_position_phone=&#8221;inherit&#8221; overflow=&#8221;visible&#8221; pointer_events=&#8221;all&#8221;][vc_column_inner column_padding=&#8221;no-extra-padding&#8221; column_padding_tablet=&#8221;inherit&#8221; column_padding_phone=&#8221;inherit&#8221; column_padding_position=&#8221;all&#8221; flex_gap_desktop=&#8221;10px&#8221; column_element_direction_desktop=&#8221;default&#8221; column_element_spacing=&#8221;default&#8221; desktop_text_alignment=&#8221;default&#8221; tablet_text_alignment=&#8221;default&#8221; phone_text_alignment=&#8221;default&#8221; background_color_opacity=&#8221;1&#8243; background_hover_color_opacity=&#8221;1&#8243; column_backdrop_filter=&#8221;none&#8221; column_shadow=&#8221;none&#8221; column_border_radius=&#8221;none&#8221; column_link_target=&#8221;_self&#8221; overflow=&#8221;visible&#8221; gradient_direction=&#8221;left_to_right&#8221; overlay_strength=&#8221;0.3&#8243; width=&#8221;1\/1&#8243; tablet_width_inherit=&#8221;default&#8221; animation_type=&#8221;default&#8221; bg_image_animation=&#8221;none&#8221; border_type=&#8221;simple&#8221; column_border_width=&#8221;none&#8221; column_border_style=&#8221;solid&#8221;][nectar_responsive_text inherited_font_style=&#8221;default&#8221; font_size_max=&#8221;32px&#8221; text_direction=&#8221;default&#8221; font_size_tablet=&#8221;17px&#8221; font_size_desktop=&#8221;2vw&#8221; font_line_height=&#8221;1.4&#8243;]\n<h2>Keep everyone aligned and engaged with tools designed for real-time collaboration.<\/h2>\n[\/nectar_responsive_text][\/vc_column_inner][\/vc_row_inner][divider line_type=&#8221;No Line&#8221; custom_height=&#8221;25px&#8221;][vc_row_inner column_margin=&#8221;default&#8221; column_direction=&#8221;default&#8221; column_direction_tablet=&#8221;default&#8221; column_direction_phone=&#8221;default&#8221; text_align=&#8221;left&#8221; row_position=&#8221;default&#8221; row_position_tablet=&#8221;inherit&#8221; row_position_phone=&#8221;inherit&#8221; overflow=&#8221;visible&#8221; pointer_events=&#8221;all&#8221;][vc_column_inner column_padding=&#8221;no-extra-padding&#8221; column_padding_tablet=&#8221;inherit&#8221; column_padding_phone=&#8221;inherit&#8221; column_padding_position=&#8221;all&#8221; column_element_direction_desktop=&#8221;default&#8221; column_element_spacing=&#8221;10px&#8221; desktop_text_alignment=&#8221;default&#8221; tablet_text_alignment=&#8221;default&#8221; phone_text_alignment=&#8221;default&#8221; background_color_opacity=&#8221;1&#8243; background_hover_color_opacity=&#8221;1&#8243; column_backdrop_filter=&#8221;none&#8221; column_shadow=&#8221;none&#8221; column_border_radius=&#8221;none&#8221; column_link_target=&#8221;_self&#8221; overflow=&#8221;visible&#8221; gradient_direction=&#8221;left_to_right&#8221; overlay_strength=&#8221;0.3&#8243; width=&#8221;1\/1&#8243; tablet_width_inherit=&#8221;default&#8221; animation_type=&#8221;default&#8221; bg_image_animation=&#8221;none&#8221; border_type=&#8221;simple&#8221; column_border_width=&#8221;none&#8221; column_border_style=&#8221;solid&#8221; column_padding_type=&#8221;default&#8221; content_layout=&#8221;default&#8221; gradient_type=&#8221;default&#8221;][nectar_badge display_tag=&#8221;body&#8221; font_size_min=&#8221;15px&#8221; badge_style=&#8221;default&#8221; bg_color_type=&#8221;custom&#8221; text_color=&#8221;#F4F2EF&#8221; padding=&#8221;small&#8221; border=&#8221;true&#8221; border_color=&#8221;#F4F2EF75&#8243; border_radius=&#8221;10px&#8221; display=&#8221;block&#8221; text=&#8221;Employee workflow&#8221; font_size_desktop=&#8221;1vw&#8221; font_line_height=&#8221;1&#8243;][nectar_badge display_tag=&#8221;body&#8221; font_size_min=&#8221;15px&#8221; badge_style=&#8221;default&#8221; bg_color_type=&#8221;custom&#8221; bg_color_custom=&#8221;#FFFFFF1A&#8221; text_color=&#8221;#F9F4E9&#8243; backdrop_filter=&#8221;blur&#8221; backdrop_filter_blur=&#8221;16&#8243; padding=&#8221;small&#8221; border_radius=&#8221;10px&#8221; display=&#8221;block&#8221; text=&#8221;Generate invoices&#8221; font_size_desktop=&#8221;1vw&#8221; font_line_height=&#8221;1&#8243;][nectar_badge display_tag=&#8221;body&#8221; font_size_min=&#8221;15px&#8221; badge_style=&#8221;default&#8221; bg_color_type=&#8221;custom&#8221; bg_color_custom=&#8221;#FFFFFF1A&#8221; text_color=&#8221;#F9F4E9&#8243; backdrop_filter=&#8221;blur&#8221; backdrop_filter_blur=&#8221;16&#8243; padding=&#8221;small&#8221; border_radius=&#8221;10px&#8221; display=&#8221;block&#8221; text=&#8221;Connections&#8221; font_size_desktop=&#8221;1vw&#8221; font_line_height=&#8221;1&#8243;][\/vc_column_inner][\/vc_row_inner][\/vc_column][vc_column flex_gap_desktop=&#8221;0&#8243; desktop_text_alignment=&#8221;default&#8221; tablet_text_alignment=&#8221;default&#8221; phone_text_alignment=&#8221;default&#8221; background_color_opacity=&#8221;1&#8243; background_hover_color_opacity=&#8221;1&#8243; column_backdrop_filter=&#8221;none&#8221; column_shadow=&#8221;none&#8221; column_border_radius=&#8221;15px&#8221; column_link_target=&#8221;_self&#8221; column_position=&#8221;default&#8221; advanced_gradient=&#8221;linear-gradient(180deg, rgb(255,255,0) 1%, rgb(220,216,211) 81%)&#8221; advanced_gradient_angle=&#8221;180&#8243; width=&#8221;1\/3&#8243; tablet_width_inherit=&#8221;small_desktop&#8221; animation_type=&#8221;default&#8221; enable_animation=&#8221;true&#8221; animation=&#8221;slight-fade-in-from-bottom&#8221; animation_easing=&#8221;default&#8221; bg_image_animation=&#8221;none&#8221; border_type=&#8221;simple&#8221; column_border_width=&#8221;none&#8221; column_border_style=&#8221;solid&#8221; column_padding_type=&#8221;advanced&#8221; content_layout=&#8221;flexbox&#8221; gradient_type=&#8221;advanced&#8221; flex_layout_desktop=&#8221;column&#8221; flex_justify_content_desktop=&#8221;flex-end&#8221; flex_align_items_desktop=&#8221;stretch&#8221; flex_align_items_phone=&#8221;&#8221; flex_wrap_desktop=&#8221;nowrap&#8221; flex_reverse_desktop=&#8221;false&#8221; delay=&#8221;450&#8243; advanced_gradient_display_type=&#8221;linear&#8221; offset=&#8221;vc_col-md-4 vc_col-xs-6&#8243;][image_with_animation image_url=&#8221;https:\/\/themenectar.com\/img\/demo-media\/tn\/iphone-mockup.webp&#8221; image_size=&#8221;full&#8221; max_width=&#8221;100%&#8221; max_width_mobile=&#8221;default&#8221; animation_type=&#8221;entrance&#8221; animation=&#8221;None&#8221; animation_movement_type=&#8221;transform_y&#8221; hover_animation=&#8221;none&#8221; alignment=&#8221;&#8221; border_radius=&#8221;10px&#8221; box_shadow=&#8221;none&#8221; image_loading=&#8221;skip-lazy-load&#8221; custom_sizes_attr=&#8221;(max-width: 1000px) 40vw, 33.33vw&#8221;][\/vc_column][vc_column column_padding=&#8221;no-extra-padding&#8221; column_padding_tablet=&#8221;inherit&#8221; column_padding_phone=&#8221;inherit&#8221; column_padding_position=&#8221;all&#8221; column_element_direction_desktop=&#8221;default&#8221; column_element_spacing=&#8221;default&#8221; desktop_text_alignment=&#8221;default&#8221; tablet_text_alignment=&#8221;default&#8221; phone_text_alignment=&#8221;default&#8221; background_color_opacity=&#8221;1&#8243; background_hover_color_opacity=&#8221;1&#8243; column_backdrop_filter=&#8221;none&#8221; column_shadow=&#8221;none&#8221; column_border_radius=&#8221;15px&#8221; column_link_target=&#8221;_self&#8221; column_position=&#8221;default&#8221; gradient_direction=&#8221;left_to_right&#8221; overlay_strength=&#8221;0.3&#8243; width=&#8221;1\/3&#8243; tablet_width_inherit=&#8221;small_desktop&#8221; animation_type=&#8221;default&#8221; enable_animation=&#8221;true&#8221; animation=&#8221;slight-fade-in-from-bottom&#8221; animation_easing=&#8221;default&#8221; bg_image_animation=&#8221;none&#8221; border_type=&#8221;simple&#8221; column_border_width=&#8221;none&#8221; column_border_style=&#8221;solid&#8221; column_padding_type=&#8221;default&#8221; content_layout=&#8221;default&#8221; gradient_type=&#8221;default&#8221; delay=&#8221;450&#8243; offset=&#8221;vc_col-md-4 vc_col-xs-6&#8243;][image_with_animation image_url=&#8221;https:\/\/themenectar.com\/img\/demo-media\/tn\/side-woman-smile.webp&#8221; image_size=&#8221;medium_featured&#8221; max_width=&#8221;100%&#8221; max_width_mobile=&#8221;default&#8221; animation_type=&#8221;entrance&#8221; animation=&#8221;None&#8221; animation_movement_type=&#8221;transform_y&#8221; hover_animation=&#8221;none&#8221; alignment=&#8221;&#8221; border_radius=&#8221;15px&#8221; box_shadow=&#8221;none&#8221; image_loading=&#8221;skip-lazy-load&#8221; fit_to_container=&#8221;1&#8243; image_object_position=&#8221;center center&#8221; custom_sizes_attr=&#8221;(max-width: 1000px) 40vw, 33.33vw&#8221;][\/vc_column][\/vc_row][\/vc_section]\n","protected":false},"excerpt":{"rendered":"<p>[vc_section type=&#8221;full_width_background&#8221; text_color=&#8221;dark&#8221; top_padding=&#8221;6%&#8221; constrain_group_1=&#8221;yes&#8221; bottom_padding=&#8221;6%&#8221; row_border_radius=&#8221;none&#8221; row_border_radius_applies=&#8221;bg&#8221; content_layout=&#8221;default&#8221; advanced_gradient_display_type=&#8221;linear&#8221;][vc_row type=&#8221;full_width_background&#8221; full_screen_row_position=&#8221;middle&#8221; column_margin=&#8221;default&#8221; column_direction=&#8221;default&#8221; column_direction_tablet=&#8221;default&#8221; column_direction_phone=&#8221;default&#8221; scene_position=&#8221;center&#8221; left_padding_tablet=&#8221;15%&#8221; constrain_group_4=&#8221;yes&#8221; right_padding_tablet=&#8221;15%&#8221; left_padding_phone=&#8221;0&#8243; constrain_group_6=&#8221;yes&#8221; right_padding_phone=&#8221;0&#8243; text_color=&#8221;dark&#8221; text_align=&#8221;left&#8221; row_border_radius=&#8221;none&#8221; row_border_radius_applies=&#8221;bg&#8221; row_position_desktop=&#8221;default&#8221; row_position_tablet=&#8221;inherit&#8221; row_position_phone=&#8221;inherit&#8221;&#8230;<\/p>\n","protected":false},"author":1,"featured_media":0,"parent":0,"menu_order":0,"comment_status":"closed","ping_status":"closed","template":"","meta":{"_monsterinsights_skip_tracking":false,"_monsterinsights_sitenote_active":false,"_monsterinsights_sitenote_note":"","_monsterinsights_sitenote_category":0,"_uf_show_specific_survey":0,"_uf_disable_surveys":false,"footnotes":""},"class_list":["post-11952","page","type-page","status-publish"],"_links":{"self":[{"href":"https:\/\/piotrkedziora.pl\/index.php\/wp-json\/wp\/v2\/pages\/11952","targetHints":{"allow":["GET"]}}],"collection":[{"href":"https:\/\/piotrkedziora.pl\/index.php\/wp-json\/wp\/v2\/pages"}],"about":[{"href":"https:\/\/piotrkedziora.pl\/index.php\/wp-json\/wp\/v2\/types\/page"}],"author":[{"embeddable":true,"href":"https:\/\/piotrkedziora.pl\/index.php\/wp-json\/wp\/v2\/users\/1"}],"replies":[{"embeddable":true,"href":"https:\/\/piotrkedziora.pl\/index.php\/wp-json\/wp\/v2\/comments?post=11952"}],"version-history":[{"count":1,"href":"https:\/\/piotrkedziora.pl\/index.php\/wp-json\/wp\/v2\/pages\/11952\/revisions"}],"predecessor-version":[{"id":11953,"href":"https:\/\/piotrkedziora.pl\/index.php\/wp-json\/wp\/v2\/pages\/11952\/revisions\/11953"}],"wp:attachment":[{"href":"https:\/\/piotrkedziora.pl\/index.php\/wp-json\/wp\/v2\/media?parent=11952"}],"curies":[{"name":"wp","href":"https:\/\/api.w.org\/{rel}","templated":true}]}}